{"id":224,"date":"2020-07-26T08:51:34","date_gmt":"2020-07-26T06:51:34","guid":{"rendered":"https:\/\/www.as-performance-gmbh.de\/?page_id=224"},"modified":"2021-11-10T19:54:16","modified_gmt":"2021-11-10T18:54:16","slug":"lackvorbehandlung","status":"publish","type":"page","link":"https:\/\/www.as-performance-gmbh.de\/index.php\/lackvorbehandlung\/","title":{"rendered":"Lackvorbehandlung"},"content":{"rendered":"<!-- wp:paragraph {\"style\":{\"color\":{\"text\":\"#ffe76e\"}},\"fontSize\":\"large\"}--><div class=\"gridContainer\">\n<p class=\"has-text-color has-large-font-size\" style=\"color:#ffe76e\"><strong><em>Ursachen<\/em><\/strong><\/p>\n<\/div><!-- \/wp:paragraph-->\n\n<!-- wp:paragraph {\"textColor\":\"cyan-bluish-gray\",\"fontSize\":\"medium\"}--><div class=\"gridContainer\">\n<p class=\"has-cyan-bluish-gray-color has-text-color has-medium-font-size\"><strong><em>Feine Kratzer und Hologramme sind am deutlichsten auf dunklen Lacken zu erkennen und meistens verursacht von kleinsten Schmutzpartikeln in Waschschw\u00e4mmen und Trockent\u00fcchern. Die erfolgreichste Methode, um Oxidationen, Kratzer und Hologramme zu entfernen ist, sie mit einer speziellen Technik und einer unserer exklusiven Polituren zu entfernen und den Lack so nicht zu sch\u00e4digen. Diese Technik l\u00e4sst Ihren Lack in neuem Glanz erstrahlen, ohne R\u00fcckst\u00e4nde zu hinterlassen. Insbesondere bei dunklen Lacken, erzielen Si<\/em><\/strong>e <strong><em>so<\/em><\/strong> <strong><em>den ultimativen Tiefenglanz<\/em><\/strong>. <\/p>\n<\/div><!-- \/wp:paragraph-->\n\n<!-- wp:gallery {\"ids\":[277,278,279,396,398,401,259],\"linkTo\":\"none\"}--><div class=\"gridContainer\">\n<figure class=\"wp-block-gallery columns-3 is-cropped\"><ul class=\"blocks-gallery-grid\"><li class=\"blocks-gallery-item\"><figure><img loading=\"lazy\" decoding=\"async\" width=\"1024\" height=\"1024\" src=\"https:\/\/www.as-performance-gmbh.de\/wp-content\/uploads\/2020\/07\/54364797_805663319800033_1873428124213968896_o-1024x1024.jpg\" alt=\"\" data-id=\"277\" data-full-url=\"https:\/\/www.as-performance-gmbh.de\/wp-content\/uploads\/2020\/07\/54364797_805663319800033_1873428124213968896_o.jpg\" data-link=\"https:\/\/www.as-performance-gmbh.de\/54364797_805663319800033_1873428124213968896_o\/\" class=\"wp-image-277\" srcset=\"https:\/\/www.as-performance-gmbh.de\/wp-content\/uploads\/2020\/07\/54364797_805663319800033_1873428124213968896_o-1024x1024.jpg 1024w, https:\/\/www.as-performance-gmbh.de\/wp-content\/uploads\/2020\/07\/54364797_805663319800033_1873428124213968896_o-300x300.jpg 300w, https:\/\/www.as-performance-gmbh.de\/wp-content\/uploads\/2020\/07\/54364797_805663319800033_1873428124213968896_o-150x150.jpg 150w, https:\/\/www.as-performance-gmbh.de\/wp-content\/uploads\/2020\/07\/54364797_805663319800033_1873428124213968896_o-768x768.jpg 768w, https:\/\/www.as-performance-gmbh.de\/wp-content\/uploads\/2020\/07\/54364797_805663319800033_1873428124213968896_o-1536x1536.jpg 1536w, https:\/\/www.as-performance-gmbh.de\/wp-content\/uploads\/2020\/07\/54364797_805663319800033_1873428124213968896_o-1232x1232.jpg 1232w, https:\/\/www.as-performance-gmbh.de\/wp-content\/uploads\/2020\/07\/54364797_805663319800033_1873428124213968896_o-1080x1080.jpg 1080w, https:\/\/www.as-performance-gmbh.de\/wp-content\/uploads\/2020\/07\/54364797_805663319800033_1873428124213968896_o-600x600.jpg 600w, https:\/\/www.as-performance-gmbh.de\/wp-content\/uploads\/2020\/07\/54364797_805663319800033_1873428124213968896_o-100x100.jpg 100w, https:\/\/www.as-performance-gmbh.de\/wp-content\/uploads\/2020\/07\/54364797_805663319800033_1873428124213968896_o.jpg 2048w\" sizes=\"auto, (max-width: 1024px) 100vw, 1024px\" \/><figcaption class=\"blocks-gallery-item__caption\">Arbeitsschritt von Anfang bis Fisnish <\/figcaption><\/figure><\/li><li class=\"blocks-gallery-item\"><figure><img loading=\"lazy\" decoding=\"async\" width=\"1024\" height=\"1024\" src=\"https:\/\/www.as-performance-gmbh.de\/wp-content\/uploads\/2020\/07\/54236801_801358336897198_2265499672732762112_o-1024x1024.jpg\" alt=\"\" data-id=\"278\" data-full-url=\"https:\/\/www.as-performance-gmbh.de\/wp-content\/uploads\/2020\/07\/54236801_801358336897198_2265499672732762112_o.jpg\" data-link=\"https:\/\/www.as-performance-gmbh.de\/54236801_801358336897198_2265499672732762112_o\/\" class=\"wp-image-278\" srcset=\"https:\/\/www.as-performance-gmbh.de\/wp-content\/uploads\/2020\/07\/54236801_801358336897198_2265499672732762112_o-1024x1024.jpg 1024w, https:\/\/www.as-performance-gmbh.de\/wp-content\/uploads\/2020\/07\/54236801_801358336897198_2265499672732762112_o-300x300.jpg 300w, https:\/\/www.as-performance-gmbh.de\/wp-content\/uploads\/2020\/07\/54236801_801358336897198_2265499672732762112_o-150x150.jpg 150w, https:\/\/www.as-performance-gmbh.de\/wp-content\/uploads\/2020\/07\/54236801_801358336897198_2265499672732762112_o-768x768.jpg 768w, https:\/\/www.as-performance-gmbh.de\/wp-content\/uploads\/2020\/07\/54236801_801358336897198_2265499672732762112_o-1536x1536.jpg 1536w, https:\/\/www.as-performance-gmbh.de\/wp-content\/uploads\/2020\/07\/54236801_801358336897198_2265499672732762112_o-1232x1232.jpg 1232w, https:\/\/www.as-performance-gmbh.de\/wp-content\/uploads\/2020\/07\/54236801_801358336897198_2265499672732762112_o-1080x1080.jpg 1080w, https:\/\/www.as-performance-gmbh.de\/wp-content\/uploads\/2020\/07\/54236801_801358336897198_2265499672732762112_o-600x600.jpg 600w, https:\/\/www.as-performance-gmbh.de\/wp-content\/uploads\/2020\/07\/54236801_801358336897198_2265499672732762112_o-100x100.jpg 100w, https:\/\/www.as-performance-gmbh.de\/wp-content\/uploads\/2020\/07\/54236801_801358336897198_2265499672732762112_o.jpg 2048w\" sizes=\"auto, (max-width: 1024px) 100vw, 1024px\" \/><figcaption class=\"blocks-gallery-item__caption\">Arbeitsschritt von Anfang bis Fisnish <\/figcaption><\/figure><\/li><li class=\"blocks-gallery-item\"><figure><img loading=\"lazy\" decoding=\"async\" width=\"1024\" height=\"1024\" src=\"https:\/\/www.as-performance-gmbh.de\/wp-content\/uploads\/2020\/07\/48411500_752995391733493_526117976043159552_o-1024x1024.jpg\" alt=\"\" data-id=\"279\" data-full-url=\"https:\/\/www.as-performance-gmbh.de\/wp-content\/uploads\/2020\/07\/48411500_752995391733493_526117976043159552_o.jpg\" data-link=\"https:\/\/www.as-performance-gmbh.de\/48411500_752995391733493_526117976043159552_o\/\" class=\"wp-image-279\" srcset=\"https:\/\/www.as-performance-gmbh.de\/wp-content\/uploads\/2020\/07\/48411500_752995391733493_526117976043159552_o-1024x1024.jpg 1024w, https:\/\/www.as-performance-gmbh.de\/wp-content\/uploads\/2020\/07\/48411500_752995391733493_526117976043159552_o-300x300.jpg 300w, https:\/\/www.as-performance-gmbh.de\/wp-content\/uploads\/2020\/07\/48411500_752995391733493_526117976043159552_o-150x150.jpg 150w, https:\/\/www.as-performance-gmbh.de\/wp-content\/uploads\/2020\/07\/48411500_752995391733493_526117976043159552_o-768x768.jpg 768w, https:\/\/www.as-performance-gmbh.de\/wp-content\/uploads\/2020\/07\/48411500_752995391733493_526117976043159552_o-1536x1536.jpg 1536w, https:\/\/www.as-performance-gmbh.de\/wp-content\/uploads\/2020\/07\/48411500_752995391733493_526117976043159552_o-1232x1232.jpg 1232w, https:\/\/www.as-performance-gmbh.de\/wp-content\/uploads\/2020\/07\/48411500_752995391733493_526117976043159552_o-1080x1080.jpg 1080w, https:\/\/www.as-performance-gmbh.de\/wp-content\/uploads\/2020\/07\/48411500_752995391733493_526117976043159552_o-600x600.jpg 600w, https:\/\/www.as-performance-gmbh.de\/wp-content\/uploads\/2020\/07\/48411500_752995391733493_526117976043159552_o-100x100.jpg 100w, https:\/\/www.as-performance-gmbh.de\/wp-content\/uploads\/2020\/07\/48411500_752995391733493_526117976043159552_o.jpg 2048w\" sizes=\"auto, (max-width: 1024px) 100vw, 1024px\" \/><figcaption class=\"blocks-gallery-item__caption\">Arbeitsschritt von Anfang bis Fisnish <\/figcaption><\/figure><\/li><li class=\"blocks-gallery-item\"><figure><img loading=\"lazy\" decoding=\"async\" width=\"1024\" height=\"1024\" src=\"https:\/\/www.as-performance-gmbh.de\/wp-content\/uploads\/2021\/11\/IMG_20211022_195008_737-1024x1024.jpg\" alt=\"\" data-id=\"396\" data-full-url=\"https:\/\/www.as-performance-gmbh.de\/wp-content\/uploads\/2021\/11\/IMG_20211022_195008_737-scaled.jpg\" data-link=\"https:\/\/www.as-performance-gmbh.de\/img_20211022_195008_737\/\" class=\"wp-image-396\" srcset=\"https:\/\/www.as-performance-gmbh.de\/wp-content\/uploads\/2021\/11\/IMG_20211022_195008_737-1024x1024.jpg 1024w, https:\/\/www.as-performance-gmbh.de\/wp-content\/uploads\/2021\/11\/IMG_20211022_195008_737-300x300.jpg 300w, https:\/\/www.as-performance-gmbh.de\/wp-content\/uploads\/2021\/11\/IMG_20211022_195008_737-150x150.jpg 150w, https:\/\/www.as-performance-gmbh.de\/wp-content\/uploads\/2021\/11\/IMG_20211022_195008_737-768x768.jpg 768w, https:\/\/www.as-performance-gmbh.de\/wp-content\/uploads\/2021\/11\/IMG_20211022_195008_737-1536x1536.jpg 1536w, https:\/\/www.as-performance-gmbh.de\/wp-content\/uploads\/2021\/11\/IMG_20211022_195008_737-2048x2048.jpg 2048w, https:\/\/www.as-performance-gmbh.de\/wp-content\/uploads\/2021\/11\/IMG_20211022_195008_737-1232x1232.jpg 1232w, https:\/\/www.as-performance-gmbh.de\/wp-content\/uploads\/2021\/11\/IMG_20211022_195008_737-1080x1080.jpg 1080w, https:\/\/www.as-performance-gmbh.de\/wp-content\/uploads\/2021\/11\/IMG_20211022_195008_737-600x600.jpg 600w, https:\/\/www.as-performance-gmbh.de\/wp-content\/uploads\/2021\/11\/IMG_20211022_195008_737-100x100.jpg 100w\" sizes=\"auto, (max-width: 1024px) 100vw, 1024px\" \/><figcaption class=\"blocks-gallery-item__caption\">Selbst die R\u00fcckleuchten sowie Frontleuchten entfernen wir Kratzern und Hollogrammen<\/figcaption><\/figure><\/li><li class=\"blocks-gallery-item\"><figure><img loading=\"lazy\" decoding=\"async\" width=\"1024\" height=\"902\" src=\"https:\/\/www.as-performance-gmbh.de\/wp-content\/uploads\/2021\/11\/IMG_20211006_085938_688-1024x902.webp\" alt=\"\" data-id=\"398\" data-full-url=\"https:\/\/www.as-performance-gmbh.de\/wp-content\/uploads\/2021\/11\/IMG_20211006_085938_688.webp\" data-link=\"https:\/\/www.as-performance-gmbh.de\/img_20211006_085938_688\/\" class=\"wp-image-398\" srcset=\"https:\/\/www.as-performance-gmbh.de\/wp-content\/uploads\/2021\/11\/IMG_20211006_085938_688-1024x902.webp 1024w, https:\/\/www.as-performance-gmbh.de\/wp-content\/uploads\/2021\/11\/IMG_20211006_085938_688-300x264.webp 300w, https:\/\/www.as-performance-gmbh.de\/wp-content\/uploads\/2021\/11\/IMG_20211006_085938_688-768x676.webp 768w, https:\/\/www.as-performance-gmbh.de\/wp-content\/uploads\/2021\/11\/IMG_20211006_085938_688-1232x1085.webp 1232w, https:\/\/www.as-performance-gmbh.de\/wp-content\/uploads\/2021\/11\/IMG_20211006_085938_688-1226x1080.webp 1226w, https:\/\/www.as-performance-gmbh.de\/wp-content\/uploads\/2021\/11\/IMG_20211006_085938_688-600x528.webp 600w, https:\/\/www.as-performance-gmbh.de\/wp-content\/uploads\/2021\/11\/IMG_20211006_085938_688.webp 1440w\" sizes=\"auto, (max-width: 1024px) 100vw, 1024px\" \/><figcaption class=\"blocks-gallery-item__caption\">Kratzer Entfernung bei einem FOLIERTEN Fahrzeug <\/figcaption><\/figure><\/li><li class=\"blocks-gallery-item\"><figure><img loading=\"lazy\" decoding=\"async\" width=\"1024\" height=\"1024\" src=\"https:\/\/www.as-performance-gmbh.de\/wp-content\/uploads\/2021\/11\/IMG_20211012_162609_158-1024x1024.jpg\" alt=\"\" data-id=\"401\" data-full-url=\"https:\/\/www.as-performance-gmbh.de\/wp-content\/uploads\/2021\/11\/IMG_20211012_162609_158.jpg\" data-link=\"https:\/\/www.as-performance-gmbh.de\/img_20211012_162609_158\/\" class=\"wp-image-401\" srcset=\"https:\/\/www.as-performance-gmbh.de\/wp-content\/uploads\/2021\/11\/IMG_20211012_162609_158-1024x1024.jpg 1024w, https:\/\/www.as-performance-gmbh.de\/wp-content\/uploads\/2021\/11\/IMG_20211012_162609_158-300x300.jpg 300w, https:\/\/www.as-performance-gmbh.de\/wp-content\/uploads\/2021\/11\/IMG_20211012_162609_158-150x150.jpg 150w, https:\/\/www.as-performance-gmbh.de\/wp-content\/uploads\/2021\/11\/IMG_20211012_162609_158-768x768.jpg 768w, https:\/\/www.as-performance-gmbh.de\/wp-content\/uploads\/2021\/11\/IMG_20211012_162609_158-1232x1232.jpg 1232w, https:\/\/www.as-performance-gmbh.de\/wp-content\/uploads\/2021\/11\/IMG_20211012_162609_158-1080x1080.jpg 1080w, https:\/\/www.as-performance-gmbh.de\/wp-content\/uploads\/2021\/11\/IMG_20211012_162609_158-600x600.jpg 600w, https:\/\/www.as-performance-gmbh.de\/wp-content\/uploads\/2021\/11\/IMG_20211012_162609_158-100x100.jpg 100w, https:\/\/www.as-performance-gmbh.de\/wp-content\/uploads\/2021\/11\/IMG_20211012_162609_158.jpg 1440w\" sizes=\"auto, (max-width: 1024px) 100vw, 1024px\" \/><\/figure><\/li><li class=\"blocks-gallery-item\"><figure><img loading=\"lazy\" decoding=\"async\" width=\"740\" height=\"491\" src=\"https:\/\/www.as-performance-gmbh.de\/wp-content\/uploads\/2020\/07\/67728312_888238248209206_2924931019872141312_n.jpg\" alt=\"\" data-id=\"259\" data-full-url=\"https:\/\/www.as-performance-gmbh.de\/wp-content\/uploads\/2020\/07\/67728312_888238248209206_2924931019872141312_n.jpg\" data-link=\"https:\/\/www.as-performance-gmbh.de\/67728312_888238248209206_2924931019872141312_n\/\" class=\"wp-image-259\" srcset=\"https:\/\/www.as-performance-gmbh.de\/wp-content\/uploads\/2020\/07\/67728312_888238248209206_2924931019872141312_n.jpg 740w, https:\/\/www.as-performance-gmbh.de\/wp-content\/uploads\/2020\/07\/67728312_888238248209206_2924931019872141312_n-300x199.jpg 300w, https:\/\/www.as-performance-gmbh.de\/wp-content\/uploads\/2020\/07\/67728312_888238248209206_2924931019872141312_n-600x398.jpg 600w\" sizes=\"auto, (max-width: 740px) 100vw, 740px\" \/><figcaption class=\"blocks-gallery-item__caption\"><strong><em>Hollogramme verursacht durch falsche Behandlung, Waschstra\u00dfen, oder verkehrten T\u00fcchern<\/em><\/strong><\/figcaption><\/figure><\/li><\/ul><\/figure>\n<\/div><!-- \/wp:gallery-->\n\n<!-- wp:image {\"id\":717,\"width\":839,\"height\":629,\"style\":{\"color\":{}},\"className\":\"is-style-default\"}--><div class=\"gridContainer\">\n<figure class=\"wp-block-image is-resized is-style-default\"><img loading=\"lazy\" decoding=\"async\" src=\"https:\/\/www.as-performance-gmbh.de\/wp-content\/uploads\/2021\/11\/0047.jpg\" alt=\"\" class=\"wp-image-717\" width=\"839\" height=\"629\" srcset=\"https:\/\/www.as-performance-gmbh.de\/wp-content\/uploads\/2021\/11\/0047.jpg 500w, https:\/\/www.as-performance-gmbh.de\/wp-content\/uploads\/2021\/11\/0047-300x225.jpg 300w\" sizes=\"auto, (max-width: 839px) 100vw, 839px\" \/><figcaption><strong><em>Hollogramme nach einer misslungenen und billigen Aufbereitung<\/em><\/strong><\/figcaption><\/figure>\n<\/div><!-- \/wp:image-->","protected":false},"excerpt":{"rendered":"<p>Ursachen Feine Kratzer und Hologramme sind am deutlichsten auf dunklen Lacken zu erkennen und meistens verursacht von kleinsten Schmutzpartikeln in Waschschw\u00e4mmen und Trockent\u00fcchern. Die erfolgreichste Methode, um Oxidationen, Kratzer und Hologramme zu entfernen ist, sie mit einer speziellen Technik und einer unserer exklusiven Polituren zu entfernen und den Lack so nicht zu sch\u00e4digen. Diese Technik&nbsp;&hellip;<\/p>\n","protected":false},"author":1,"featured_media":0,"parent":0,"menu_order":0,"comment_status":"closed","ping_status":"closed","template":"","meta":{"footnotes":""},"class_list":["post-224","page","type-page","status-publish","hentry"],"_links":{"self":[{"href":"https:\/\/www.as-performance-gmbh.de\/index.php\/wp-json\/wp\/v2\/pages\/224","targetHints":{"allow":["GET"]}}],"collection":[{"href":"https:\/\/www.as-performance-gmbh.de\/index.php\/wp-json\/wp\/v2\/pages"}],"about":[{"href":"https:\/\/www.as-performance-gmbh.de\/index.php\/wp-json\/wp\/v2\/types\/page"}],"author":[{"embeddable":true,"href":"https:\/\/www.as-performance-gmbh.de\/index.php\/wp-json\/wp\/v2\/users\/1"}],"replies":[{"embeddable":true,"href":"https:\/\/www.as-performance-gmbh.de\/index.php\/wp-json\/wp\/v2\/comments?post=224"}],"version-history":[{"count":6,"href":"https:\/\/www.as-performance-gmbh.de\/index.php\/wp-json\/wp\/v2\/pages\/224\/revisions"}],"predecessor-version":[{"id":739,"href":"https:\/\/www.as-performance-gmbh.de\/index.php\/wp-json\/wp\/v2\/pages\/224\/revisions\/739"}],"wp:attachment":[{"href":"https:\/\/www.as-performance-gmbh.de\/index.php\/wp-json\/wp\/v2\/media?parent=224"}],"curies":[{"name":"wp","href":"https:\/\/api.w.org\/{rel}","templated":true}]}}