{"id":226,"date":"2020-07-26T08:51:56","date_gmt":"2020-07-26T06:51:56","guid":{"rendered":"https:\/\/www.as-performance-gmbh.de\/?page_id=226"},"modified":"2020-07-26T08:51:57","modified_gmt":"2020-07-26T06:51:57","slug":"wachsen-versiegeln","status":"publish","type":"page","link":"https:\/\/www.as-performance-gmbh.de\/index.php\/wachsen-versiegeln\/","title":{"rendered":"Wachsen\/Versiegeln"},"content":{"rendered":"<!-- wp:paragraph--><div class=\"gridContainer\">\n<p>Zum Versiegeln und f\u00fcr einen brillanten Glanz auf der Oberfl\u00e4che, benutzen wir ausschlie\u00dflich Premium-Fahrzeugwachse und Versiegelungen jeglicher Art wie z.B. Quarz, Keramik etc.<\/p>\n<\/div><!-- \/wp:paragraph-->\n\n<!-- wp:nextend\/smartslider3 {\"slider\":\"5\"}--><div class=\"gridContainer\">\n<div class=\"wp-block-nextend-smartslider3\"><\/div>\n<\/div><!-- \/wp:nextend\/smartslider3-->","protected":false},"excerpt":{"rendered":"<p>Zum Versiegeln und f\u00fcr einen brillanten Glanz auf der Oberfl\u00e4che, benutzen wir ausschlie\u00dflich Premium-Fahrzeugwachse und Versiegelungen jeglicher Art wie z.B. Quarz, Keramik etc.<\/p>\n","protected":false},"author":1,"featured_media":0,"parent":0,"menu_order":0,"comment_status":"closed","ping_status":"closed","template":"","meta":{"footnotes":""},"class_list":["post-226","page","type-page","status-publish","hentry"],"_links":{"self":[{"href":"https:\/\/www.as-performance-gmbh.de\/index.php\/wp-json\/wp\/v2\/pages\/226","targetHints":{"allow":["GET"]}}],"collection":[{"href":"https:\/\/www.as-performance-gmbh.de\/index.php\/wp-json\/wp\/v2\/pages"}],"about":[{"href":"https:\/\/www.as-performance-gmbh.de\/index.php\/wp-json\/wp\/v2\/types\/page"}],"author":[{"embeddable":true,"href":"https:\/\/www.as-performance-gmbh.de\/index.php\/wp-json\/wp\/v2\/users\/1"}],"replies":[{"embeddable":true,"href":"https:\/\/www.as-performance-gmbh.de\/index.php\/wp-json\/wp\/v2\/comments?post=226"}],"version-history":[{"count":3,"href":"https:\/\/www.as-performance-gmbh.de\/index.php\/wp-json\/wp\/v2\/pages\/226\/revisions"}],"predecessor-version":[{"id":261,"href":"https:\/\/www.as-performance-gmbh.de\/index.php\/wp-json\/wp\/v2\/pages\/226\/revisions\/261"}],"wp:attachment":[{"href":"https:\/\/www.as-performance-gmbh.de\/index.php\/wp-json\/wp\/v2\/media?parent=226"}],"curies":[{"name":"wp","href":"https:\/\/api.w.org\/{rel}","templated":true}]}}