{"id":229,"date":"2020-07-26T08:52:23","date_gmt":"2020-07-26T06:52:23","guid":{"rendered":"https:\/\/www.as-performance-gmbh.de\/?page_id=229"},"modified":"2021-11-18T21:04:23","modified_gmt":"2021-11-18T20:04:23","slug":"pflege","status":"publish","type":"page","link":"https:\/\/www.as-performance-gmbh.de\/index.php\/pflege\/","title":{"rendered":"Pflege"},"content":{"rendered":"\n<div class=\"wp-block-media-text alignwide is-stacked-on-mobile is-vertically-aligned-center\" style=\"grid-template-columns:52% auto\"><figure class=\"wp-block-media-text__media\"><img loading=\"lazy\" decoding=\"async\" width=\"929\" height=\"682\" src=\"https:\/\/www.as-performance-gmbh.de\/wp-content\/uploads\/2021\/11\/338b2d_e93e83832eb84a12b8ffaa519c1a5245_mv2.jpg\" alt=\"\" class=\"wp-image-862 size-full\" srcset=\"https:\/\/www.as-performance-gmbh.de\/wp-content\/uploads\/2021\/11\/338b2d_e93e83832eb84a12b8ffaa519c1a5245_mv2.jpg 929w, https:\/\/www.as-performance-gmbh.de\/wp-content\/uploads\/2021\/11\/338b2d_e93e83832eb84a12b8ffaa519c1a5245_mv2-300x220.jpg 300w, https:\/\/www.as-performance-gmbh.de\/wp-content\/uploads\/2021\/11\/338b2d_e93e83832eb84a12b8ffaa519c1a5245_mv2-768x564.jpg 768w, https:\/\/www.as-performance-gmbh.de\/wp-content\/uploads\/2021\/11\/338b2d_e93e83832eb84a12b8ffaa519c1a5245_mv2-600x440.jpg 600w\" sizes=\"auto, (max-width: 929px) 100vw, 929px\" \/><\/figure><div class=\"wp-block-media-text__content\"><!-- wp:image {\"align\":\"center\",\"id\":863,\"width\":449,\"height\":299,\"sizeSlug\":\"large\",\"linkDestination\":\"none\"}--><div class=\"gridContainer\">\n<div class=\"wp-block-image\"><figure class=\"aligncenter size-large is-resized\"><img loading=\"lazy\" decoding=\"async\" src=\"https:\/\/www.as-performance-gmbh.de\/wp-content\/uploads\/2021\/11\/R-1-1024x683.jpg\" alt=\"\" class=\"wp-image-863\" width=\"449\" height=\"299\" srcset=\"https:\/\/www.as-performance-gmbh.de\/wp-content\/uploads\/2021\/11\/R-1-1024x683.jpg 1024w, https:\/\/www.as-performance-gmbh.de\/wp-content\/uploads\/2021\/11\/R-1-300x200.jpg 300w, https:\/\/www.as-performance-gmbh.de\/wp-content\/uploads\/2021\/11\/R-1-768x512.jpg 768w, https:\/\/www.as-performance-gmbh.de\/wp-content\/uploads\/2021\/11\/R-1-600x400.jpg 600w, https:\/\/www.as-performance-gmbh.de\/wp-content\/uploads\/2021\/11\/R-1.jpg 1200w\" sizes=\"auto, (max-width: 449px) 100vw, 449px\" \/><\/figure><\/div>\n<\/div><!-- \/wp:image--><\/div><\/div>\n\n\n<!-- wp:paragraph {\"style\":{\"color\":{\"text\":\"#fff584\"}},\"fontSize\":\"large\"}--><div class=\"gridContainer\">\n<p class=\"has-text-color has-large-font-size\" style=\"color:#fff584\"><strong><em>Bei uns wird KEIN Bereich ausgelassen <\/em><\/strong><\/p>\n<\/div><!-- \/wp:paragraph-->\n\n<!-- wp:image {\"id\":865,\"sizeSlug\":\"large\",\"linkDestination\":\"none\"}--><div class=\"gridContainer\">\n<figure class=\"wp-block-image size-large\"><img loading=\"lazy\" decoding=\"async\" width=\"1024\" height=\"546\" src=\"https:\/\/www.as-performance-gmbh.de\/wp-content\/uploads\/2021\/11\/R-4-1024x546.jpg\" alt=\"\" class=\"wp-image-865\" srcset=\"https:\/\/www.as-performance-gmbh.de\/wp-content\/uploads\/2021\/11\/R-4-1024x546.jpg 1024w, https:\/\/www.as-performance-gmbh.de\/wp-content\/uploads\/2021\/11\/R-4-300x160.jpg 300w, https:\/\/www.as-performance-gmbh.de\/wp-content\/uploads\/2021\/11\/R-4-768x409.jpg 768w, https:\/\/www.as-performance-gmbh.de\/wp-content\/uploads\/2021\/11\/R-4-1232x656.jpg 1232w, https:\/\/www.as-performance-gmbh.de\/wp-content\/uploads\/2021\/11\/R-4-600x320.jpg 600w, https:\/\/www.as-performance-gmbh.de\/wp-content\/uploads\/2021\/11\/R-4.jpg 1400w\" sizes=\"auto, (max-width: 1024px) 100vw, 1024px\" \/><\/figure>\n<\/div><!-- \/wp:image-->\n\n<!-- wp:image {\"id\":866,\"sizeSlug\":\"full\",\"linkDestination\":\"none\"}--><div class=\"gridContainer\">\n<figure class=\"wp-block-image size-full\"><img loading=\"lazy\" decoding=\"async\" width=\"800\" height=\"527\" src=\"https:\/\/www.as-performance-gmbh.de\/wp-content\/uploads\/2021\/11\/R-3.jpg\" alt=\"\" class=\"wp-image-866\" srcset=\"https:\/\/www.as-performance-gmbh.de\/wp-content\/uploads\/2021\/11\/R-3.jpg 800w, https:\/\/www.as-performance-gmbh.de\/wp-content\/uploads\/2021\/11\/R-3-300x198.jpg 300w, https:\/\/www.as-performance-gmbh.de\/wp-content\/uploads\/2021\/11\/R-3-768x506.jpg 768w, https:\/\/www.as-performance-gmbh.de\/wp-content\/uploads\/2021\/11\/R-3-600x395.jpg 600w\" sizes=\"auto, (max-width: 800px) 100vw, 800px\" \/><\/figure>\n<\/div><!-- \/wp:image-->","protected":false},"excerpt":{"rendered":"<p>Ein definitives muss Regelm\u00e4\u00dfige Pflege befreit Ihr Fahrzeug von auf der Lackschicht abgelagerten Verunreinigungen wie Vogelkot, Baumharz, Teer, Gummiabrieb, Umwelteinfl\u00fcssen, Industriestaub und \u00d6len, bevor diese sich mit der Lackschicht verbinden k\u00f6nnen. Verwenden Sie nach der Aufbereitung unsere empfohlenen widerstandsf\u00e4higen Produkte, die Sie bei uns erhalten. Gerne beraten wir Sie unverbindlich. Verschiedene Tabellen zum Lack und&nbsp;&hellip;<\/p>\n","protected":false},"author":1,"featured_media":0,"parent":0,"menu_order":0,"comment_status":"closed","ping_status":"closed","template":"","meta":{"footnotes":""},"class_list":["post-229","page","type-page","status-publish","hentry"],"_links":{"self":[{"href":"https:\/\/www.as-performance-gmbh.de\/index.php\/wp-json\/wp\/v2\/pages\/229","targetHints":{"allow":["GET"]}}],"collection":[{"href":"https:\/\/www.as-performance-gmbh.de\/index.php\/wp-json\/wp\/v2\/pages"}],"about":[{"href":"https:\/\/www.as-performance-gmbh.de\/index.php\/wp-json\/wp\/v2\/types\/page"}],"author":[{"embeddable":true,"href":"https:\/\/www.as-performance-gmbh.de\/index.php\/wp-json\/wp\/v2\/users\/1"}],"replies":[{"embeddable":true,"href":"https:\/\/www.as-performance-gmbh.de\/index.php\/wp-json\/wp\/v2\/comments?post=229"}],"version-history":[{"count":7,"href":"https:\/\/www.as-performance-gmbh.de\/index.php\/wp-json\/wp\/v2\/pages\/229\/revisions"}],"predecessor-version":[{"id":872,"href":"https:\/\/www.as-performance-gmbh.de\/index.php\/wp-json\/wp\/v2\/pages\/229\/revisions\/872"}],"wp:attachment":[{"href":"https:\/\/www.as-performance-gmbh.de\/index.php\/wp-json\/wp\/v2\/media?parent=229"}],"curies":[{"name":"wp","href":"https:\/\/api.w.org\/{rel}","templated":true}]}}