{"id":233,"date":"2020-07-26T08:53:03","date_gmt":"2020-07-26T06:53:03","guid":{"rendered":"https:\/\/www.as-performance-gmbh.de\/?page_id=233"},"modified":"2021-11-18T20:16:57","modified_gmt":"2021-11-18T19:16:57","slug":"felgenaufbereitung","status":"publish","type":"page","link":"https:\/\/www.as-performance-gmbh.de\/index.php\/felgenaufbereitung\/","title":{"rendered":"Felgeninstandsetzung"},"content":{"rendered":"<!-- wp:paragraph {\"style\":{\"color\":{\"text\":\"#fff47e\"}},\"fontSize\":\"large\"}--><div class=\"gridContainer\">\n<p class=\"has-text-color has-large-font-size\" style=\"color:#fff47e\"><strong><em>Hier werden Felgen wieder Rund gemacht <\/em><\/strong><\/p>\n<\/div><!-- \/wp:paragraph-->\n\n<!-- wp:paragraph {\"style\":{\"typography\":{\"fontSize\":\"25px\"}},\"textColor\":\"cyan-bluish-gray\"}--><div class=\"gridContainer\">\n<p class=\"has-cyan-bluish-gray-color has-text-color\" style=\"font-size:25px\"><strong><em>Sie kennen das sicherlich, Sie parken ein und passen einen kurzen Moment nicht auf und schon ist es passiert&#8230; Ihre Felge hat was abbekommen &#8211; rundum die Sch\u00e4den. Was machen Sie nun? Sie denken daran eine neue zu kaufen? Lassen Sie es! Nicht immer muss das sein und man spart sich das viele Geld, indem man fachm\u00e4nnisch die Stahl- oder Alufelge von uns instand setzen l\u00e4sst. Dazu gerne n\u00e4here Beratung.<br><\/em><\/strong><\/p>\n<\/div><!-- \/wp:paragraph-->\n\n<!-- wp:heading {\"level\":4,\"style\":{\"color\":{\"text\":\"#fff766\"}},\"fontSize\":\"large\"}--><div class=\"gridContainer\">\n<h4 class=\"has-text-color has-large-font-size\" style=\"color:#fff766\"><strong><em>Leistungen<\/em><\/strong>:<\/h4>\n<\/div><!-- \/wp:heading-->\n\n<!-- wp:list {\"style\":{\"typography\":{\"fontSize\":\"25px\"}},\"textColor\":\"cyan-bluish-gray\"}--><div class=\"gridContainer\">\n<ul class=\"has-cyan-bluish-gray-color has-text-color\" style=\"font-size:25px\"><li><strong><em>Alufelgen Instandsetzung<\/em><\/strong><\/li><li><strong><em>Alufelgen auf Hochglanz polieren<\/em><\/strong><\/li><li><strong><em>Schadenbeseitigung<\/em><\/strong><\/li><li><strong><em>Lackierungen oder Individuelle Designs<\/em><\/strong><\/li><li><strong><em>Versiegelung von Alufelgen<\/em><\/strong><\/li><li><strong><em>Spezielle Chromversiegelungen<\/em><\/strong><\/li><\/ul>\n<\/div><!-- \/wp:list-->\n\n<!-- wp:paragraph--><div class=\"gridContainer\">\n<p><\/p>\n<\/div><!-- \/wp:paragraph-->\n\n<!-- wp:paragraph {\"style\":{\"color\":{\"text\":\"#fffc66\"}},\"fontSize\":\"large\"}--><div class=\"gridContainer\">\n<p class=\"has-text-color has-large-font-size\" style=\"color:#fffc66\"><strong><em>Galerie <\/em><\/strong><\/p>\n<\/div><!-- \/wp:paragraph-->\n\n<!-- wp:columns--><div class=\"gridContainer\">\n<div class=\"wp-block-columns\"><!-- wp:column {\"width\":\"100%\"}--><div class=\"gridContainer\">\n<div class=\"wp-block-column\" style=\"flex-basis:100%\"><!-- wp:gallery {\"ids\":[649,617,600,590,580,569,553,479,465,466,448,436,404],\"linkTo\":\"none\"}--><div class=\"gridContainer\">\n<figure class=\"wp-block-gallery columns-3 is-cropped\"><ul class=\"blocks-gallery-grid\"><li class=\"blocks-gallery-item\"><figure><img loading=\"lazy\" decoding=\"async\" width=\"1024\" height=\"1024\" src=\"https:\/\/www.as-performance-gmbh.de\/wp-content\/uploads\/2021\/11\/IMG_20210704_201017_153-1024x1024.jpg\" alt=\"\" data-id=\"649\" data-full-url=\"https:\/\/www.as-performance-gmbh.de\/wp-content\/uploads\/2021\/11\/IMG_20210704_201017_153.jpg\" data-link=\"https:\/\/www.as-performance-gmbh.de\/img_20210704_201017_153\/\" class=\"wp-image-649\" srcset=\"https:\/\/www.as-performance-gmbh.de\/wp-content\/uploads\/2021\/11\/IMG_20210704_201017_153-1024x1024.jpg 1024w, https:\/\/www.as-performance-gmbh.de\/wp-content\/uploads\/2021\/11\/IMG_20210704_201017_153-300x300.jpg 300w, https:\/\/www.as-performance-gmbh.de\/wp-content\/uploads\/2021\/11\/IMG_20210704_201017_153-150x150.jpg 150w, https:\/\/www.as-performance-gmbh.de\/wp-content\/uploads\/2021\/11\/IMG_20210704_201017_153-768x768.jpg 768w, https:\/\/www.as-performance-gmbh.de\/wp-content\/uploads\/2021\/11\/IMG_20210704_201017_153-600x600.jpg 600w, https:\/\/www.as-performance-gmbh.de\/wp-content\/uploads\/2021\/11\/IMG_20210704_201017_153-100x100.jpg 100w, https:\/\/www.as-performance-gmbh.de\/wp-content\/uploads\/2021\/11\/IMG_20210704_201017_153.jpg 1080w\" sizes=\"auto, (max-width: 1024px) 100vw, 1024px\" \/><figcaption class=\"blocks-gallery-item__caption\">OPTI-COAT Versiegelte Alufelgen<\/figcaption><\/figure><\/li><li class=\"blocks-gallery-item\"><figure><img loading=\"lazy\" decoding=\"async\" width=\"1024\" height=\"1024\" src=\"https:\/\/www.as-performance-gmbh.de\/wp-content\/uploads\/2021\/11\/IMG_20210626_181848_303-1024x1024.jpg\" alt=\"\" data-id=\"617\" data-full-url=\"https:\/\/www.as-performance-gmbh.de\/wp-content\/uploads\/2021\/11\/IMG_20210626_181848_303.jpg\" data-link=\"https:\/\/www.as-performance-gmbh.de\/img_20210626_181848_303\/\" class=\"wp-image-617\" srcset=\"https:\/\/www.as-performance-gmbh.de\/wp-content\/uploads\/2021\/11\/IMG_20210626_181848_303-1024x1024.jpg 1024w, https:\/\/www.as-performance-gmbh.de\/wp-content\/uploads\/2021\/11\/IMG_20210626_181848_303-300x300.jpg 300w, https:\/\/www.as-performance-gmbh.de\/wp-content\/uploads\/2021\/11\/IMG_20210626_181848_303-150x150.jpg 150w, https:\/\/www.as-performance-gmbh.de\/wp-content\/uploads\/2021\/11\/IMG_20210626_181848_303-768x768.jpg 768w, https:\/\/www.as-performance-gmbh.de\/wp-content\/uploads\/2021\/11\/IMG_20210626_181848_303-600x600.jpg 600w, https:\/\/www.as-performance-gmbh.de\/wp-content\/uploads\/2021\/11\/IMG_20210626_181848_303-100x100.jpg 100w, https:\/\/www.as-performance-gmbh.de\/wp-content\/uploads\/2021\/11\/IMG_20210626_181848_303.jpg 1080w\" sizes=\"auto, (max-width: 1024px) 100vw, 1024px\" \/><figcaption class=\"blocks-gallery-item__caption\">OPTI-COAT Versiegelte Alufelgen<\/figcaption><\/figure><\/li><li class=\"blocks-gallery-item\"><figure><img loading=\"lazy\" decoding=\"async\" width=\"1024\" height=\"654\" src=\"https:\/\/www.as-performance-gmbh.de\/wp-content\/uploads\/2021\/11\/IMG_20210620_192725_114-1024x654.jpg\" alt=\"\" data-id=\"600\" data-full-url=\"https:\/\/www.as-performance-gmbh.de\/wp-content\/uploads\/2021\/11\/IMG_20210620_192725_114.jpg\" data-link=\"https:\/\/www.as-performance-gmbh.de\/img_20210620_192725_114\/\" class=\"wp-image-600\" srcset=\"https:\/\/www.as-performance-gmbh.de\/wp-content\/uploads\/2021\/11\/IMG_20210620_192725_114-1024x654.jpg 1024w, https:\/\/www.as-performance-gmbh.de\/wp-content\/uploads\/2021\/11\/IMG_20210620_192725_114-300x192.jpg 300w, https:\/\/www.as-performance-gmbh.de\/wp-content\/uploads\/2021\/11\/IMG_20210620_192725_114-768x491.jpg 768w, https:\/\/www.as-performance-gmbh.de\/wp-content\/uploads\/2021\/11\/IMG_20210620_192725_114-600x383.jpg 600w, https:\/\/www.as-performance-gmbh.de\/wp-content\/uploads\/2021\/11\/IMG_20210620_192725_114.jpg 1080w\" sizes=\"auto, (max-width: 1024px) 100vw, 1024px\" \/><figcaption class=\"blocks-gallery-item__caption\">OPTI-COAT Versiegelte Alufelgen<\/figcaption><\/figure><\/li><li class=\"blocks-gallery-item\"><figure><img loading=\"lazy\" decoding=\"async\" width=\"1024\" height=\"702\" src=\"https:\/\/www.as-performance-gmbh.de\/wp-content\/uploads\/2021\/11\/IMG_20210709_183040_072-1024x702.jpg\" alt=\"\" data-id=\"590\" data-full-url=\"https:\/\/www.as-performance-gmbh.de\/wp-content\/uploads\/2021\/11\/IMG_20210709_183040_072.jpg\" data-link=\"https:\/\/www.as-performance-gmbh.de\/img_20210709_183040_072\/\" class=\"wp-image-590\" srcset=\"https:\/\/www.as-performance-gmbh.de\/wp-content\/uploads\/2021\/11\/IMG_20210709_183040_072-1024x702.jpg 1024w, https:\/\/www.as-performance-gmbh.de\/wp-content\/uploads\/2021\/11\/IMG_20210709_183040_072-300x206.jpg 300w, https:\/\/www.as-performance-gmbh.de\/wp-content\/uploads\/2021\/11\/IMG_20210709_183040_072-768x526.jpg 768w, https:\/\/www.as-performance-gmbh.de\/wp-content\/uploads\/2021\/11\/IMG_20210709_183040_072-600x411.jpg 600w, https:\/\/www.as-performance-gmbh.de\/wp-content\/uploads\/2021\/11\/IMG_20210709_183040_072.jpg 1080w\" sizes=\"auto, (max-width: 1024px) 100vw, 1024px\" \/><figcaption class=\"blocks-gallery-item__caption\">OPTI-COAT Versiegelte Alufelgen<\/figcaption><\/figure><\/li><li class=\"blocks-gallery-item\"><figure><img loading=\"lazy\" decoding=\"async\" width=\"1024\" height=\"688\" src=\"https:\/\/www.as-performance-gmbh.de\/wp-content\/uploads\/2021\/11\/IMG_20210719_151800_936-1024x688.jpg\" alt=\"\" data-id=\"580\" data-full-url=\"https:\/\/www.as-performance-gmbh.de\/wp-content\/uploads\/2021\/11\/IMG_20210719_151800_936.jpg\" data-link=\"https:\/\/www.as-performance-gmbh.de\/img_20210719_151800_936\/\" class=\"wp-image-580\" srcset=\"https:\/\/www.as-performance-gmbh.de\/wp-content\/uploads\/2021\/11\/IMG_20210719_151800_936-1024x688.jpg 1024w, https:\/\/www.as-performance-gmbh.de\/wp-content\/uploads\/2021\/11\/IMG_20210719_151800_936-300x202.jpg 300w, https:\/\/www.as-performance-gmbh.de\/wp-content\/uploads\/2021\/11\/IMG_20210719_151800_936-768x516.jpg 768w, https:\/\/www.as-performance-gmbh.de\/wp-content\/uploads\/2021\/11\/IMG_20210719_151800_936-600x403.jpg 600w, https:\/\/www.as-performance-gmbh.de\/wp-content\/uploads\/2021\/11\/IMG_20210719_151800_936.jpg 1080w\" sizes=\"auto, (max-width: 1024px) 100vw, 1024px\" \/><figcaption class=\"blocks-gallery-item__caption\">OPTI-COAT Versiegelte Alufelgen<\/figcaption><\/figure><\/li><li class=\"blocks-gallery-item\"><figure><img loading=\"lazy\" decoding=\"async\" width=\"1024\" height=\"750\" src=\"https:\/\/www.as-performance-gmbh.de\/wp-content\/uploads\/2021\/11\/IMG_20210817_213818_273-1024x750.jpg\" alt=\"\" data-id=\"569\" data-full-url=\"https:\/\/www.as-performance-gmbh.de\/wp-content\/uploads\/2021\/11\/IMG_20210817_213818_273.jpg\" data-link=\"https:\/\/www.as-performance-gmbh.de\/img_20210817_213818_273\/\" class=\"wp-image-569\" srcset=\"https:\/\/www.as-performance-gmbh.de\/wp-content\/uploads\/2021\/11\/IMG_20210817_213818_273-1024x750.jpg 1024w, https:\/\/www.as-performance-gmbh.de\/wp-content\/uploads\/2021\/11\/IMG_20210817_213818_273-300x220.jpg 300w, https:\/\/www.as-performance-gmbh.de\/wp-content\/uploads\/2021\/11\/IMG_20210817_213818_273-768x563.jpg 768w, https:\/\/www.as-performance-gmbh.de\/wp-content\/uploads\/2021\/11\/IMG_20210817_213818_273-1232x903.jpg 1232w, https:\/\/www.as-performance-gmbh.de\/wp-content\/uploads\/2021\/11\/IMG_20210817_213818_273-600x440.jpg 600w, https:\/\/www.as-performance-gmbh.de\/wp-content\/uploads\/2021\/11\/IMG_20210817_213818_273.jpg 1440w\" sizes=\"auto, (max-width: 1024px) 100vw, 1024px\" \/><figcaption class=\"blocks-gallery-item__caption\">OPTI-COAT Versiegelte Alufelgen und Instandgesetzt und Lackiert<\/figcaption><\/figure><\/li><li class=\"blocks-gallery-item\"><figure><img loading=\"lazy\" decoding=\"async\" width=\"1024\" height=\"796\" src=\"https:\/\/www.as-performance-gmbh.de\/wp-content\/uploads\/2021\/11\/IMG_20210809_205517_064-1024x796.jpg\" alt=\"\" data-id=\"553\" data-full-url=\"https:\/\/www.as-performance-gmbh.de\/wp-content\/uploads\/2021\/11\/IMG_20210809_205517_064.jpg\" data-link=\"https:\/\/www.as-performance-gmbh.de\/img_20210809_205517_064\/\" class=\"wp-image-553\" srcset=\"https:\/\/www.as-performance-gmbh.de\/wp-content\/uploads\/2021\/11\/IMG_20210809_205517_064-1024x796.jpg 1024w, https:\/\/www.as-performance-gmbh.de\/wp-content\/uploads\/2021\/11\/IMG_20210809_205517_064-300x233.jpg 300w, https:\/\/www.as-performance-gmbh.de\/wp-content\/uploads\/2021\/11\/IMG_20210809_205517_064-768x597.jpg 768w, https:\/\/www.as-performance-gmbh.de\/wp-content\/uploads\/2021\/11\/IMG_20210809_205517_064-600x467.jpg 600w, https:\/\/www.as-performance-gmbh.de\/wp-content\/uploads\/2021\/11\/IMG_20210809_205517_064.jpg 1080w\" sizes=\"auto, (max-width: 1024px) 100vw, 1024px\" \/><figcaption class=\"blocks-gallery-item__caption\">OPTI-COAT Versiegelte Alufelgen<\/figcaption><\/figure><\/li><li class=\"blocks-gallery-item\"><figure><img loading=\"lazy\" decoding=\"async\" width=\"1024\" height=\"1024\" src=\"https:\/\/www.as-performance-gmbh.de\/wp-content\/uploads\/2021\/11\/IMG_20210827_181943_058-1024x1024.webp\" alt=\"\" data-id=\"479\" data-full-url=\"https:\/\/www.as-performance-gmbh.de\/wp-content\/uploads\/2021\/11\/IMG_20210827_181943_058.webp\" data-link=\"https:\/\/www.as-performance-gmbh.de\/img_20210827_181943_058\/\" class=\"wp-image-479\" srcset=\"https:\/\/www.as-performance-gmbh.de\/wp-content\/uploads\/2021\/11\/IMG_20210827_181943_058-1024x1024.webp 1024w, https:\/\/www.as-performance-gmbh.de\/wp-content\/uploads\/2021\/11\/IMG_20210827_181943_058-300x300.webp 300w, https:\/\/www.as-performance-gmbh.de\/wp-content\/uploads\/2021\/11\/IMG_20210827_181943_058-150x150.webp 150w, https:\/\/www.as-performance-gmbh.de\/wp-content\/uploads\/2021\/11\/IMG_20210827_181943_058-768x768.webp 768w, https:\/\/www.as-performance-gmbh.de\/wp-content\/uploads\/2021\/11\/IMG_20210827_181943_058-1232x1232.webp 1232w, https:\/\/www.as-performance-gmbh.de\/wp-content\/uploads\/2021\/11\/IMG_20210827_181943_058-1080x1080.webp 1080w, https:\/\/www.as-performance-gmbh.de\/wp-content\/uploads\/2021\/11\/IMG_20210827_181943_058-600x600.webp 600w, https:\/\/www.as-performance-gmbh.de\/wp-content\/uploads\/2021\/11\/IMG_20210827_181943_058-100x100.webp 100w, https:\/\/www.as-performance-gmbh.de\/wp-content\/uploads\/2021\/11\/IMG_20210827_181943_058.webp 1440w\" sizes=\"auto, (max-width: 1024px) 100vw, 1024px\" \/><figcaption class=\"blocks-gallery-item__caption\">OPTI-COAT Versiegelte Alufelgen<\/figcaption><\/figure><\/li><li class=\"blocks-gallery-item\"><figure><img loading=\"lazy\" decoding=\"async\" width=\"1024\" height=\"1024\" src=\"https:\/\/www.as-performance-gmbh.de\/wp-content\/uploads\/2021\/11\/IMG_20210921_152605_847-1024x1024.jpg\" alt=\"\" data-id=\"465\" data-full-url=\"https:\/\/www.as-performance-gmbh.de\/wp-content\/uploads\/2021\/11\/IMG_20210921_152605_847.jpg\" data-link=\"https:\/\/www.as-performance-gmbh.de\/img_20210921_152605_847\/\" class=\"wp-image-465\" srcset=\"https:\/\/www.as-performance-gmbh.de\/wp-content\/uploads\/2021\/11\/IMG_20210921_152605_847-1024x1024.jpg 1024w, https:\/\/www.as-performance-gmbh.de\/wp-content\/uploads\/2021\/11\/IMG_20210921_152605_847-300x300.jpg 300w, https:\/\/www.as-performance-gmbh.de\/wp-content\/uploads\/2021\/11\/IMG_20210921_152605_847-150x150.jpg 150w, https:\/\/www.as-performance-gmbh.de\/wp-content\/uploads\/2021\/11\/IMG_20210921_152605_847-768x768.jpg 768w, https:\/\/www.as-performance-gmbh.de\/wp-content\/uploads\/2021\/11\/IMG_20210921_152605_847-1232x1232.jpg 1232w, https:\/\/www.as-performance-gmbh.de\/wp-content\/uploads\/2021\/11\/IMG_20210921_152605_847-1080x1080.jpg 1080w, https:\/\/www.as-performance-gmbh.de\/wp-content\/uploads\/2021\/11\/IMG_20210921_152605_847-600x600.jpg 600w, https:\/\/www.as-performance-gmbh.de\/wp-content\/uploads\/2021\/11\/IMG_20210921_152605_847-100x100.jpg 100w, https:\/\/www.as-performance-gmbh.de\/wp-content\/uploads\/2021\/11\/IMG_20210921_152605_847.jpg 1440w\" sizes=\"auto, (max-width: 1024px) 100vw, 1024px\" \/><\/figure><\/li><li class=\"blocks-gallery-item\"><figure><img loading=\"lazy\" decoding=\"async\" width=\"1024\" height=\"1024\" src=\"https:\/\/www.as-performance-gmbh.de\/wp-content\/uploads\/2021\/11\/IMG_20210921_152605_799-1024x1024.jpg\" alt=\"\" data-id=\"466\" data-full-url=\"https:\/\/www.as-performance-gmbh.de\/wp-content\/uploads\/2021\/11\/IMG_20210921_152605_799.jpg\" data-link=\"https:\/\/www.as-performance-gmbh.de\/img_20210921_152605_799\/\" class=\"wp-image-466\" srcset=\"https:\/\/www.as-performance-gmbh.de\/wp-content\/uploads\/2021\/11\/IMG_20210921_152605_799-1024x1024.jpg 1024w, https:\/\/www.as-performance-gmbh.de\/wp-content\/uploads\/2021\/11\/IMG_20210921_152605_799-300x300.jpg 300w, https:\/\/www.as-performance-gmbh.de\/wp-content\/uploads\/2021\/11\/IMG_20210921_152605_799-150x150.jpg 150w, https:\/\/www.as-performance-gmbh.de\/wp-content\/uploads\/2021\/11\/IMG_20210921_152605_799-768x768.jpg 768w, https:\/\/www.as-performance-gmbh.de\/wp-content\/uploads\/2021\/11\/IMG_20210921_152605_799-1232x1232.jpg 1232w, https:\/\/www.as-performance-gmbh.de\/wp-content\/uploads\/2021\/11\/IMG_20210921_152605_799-1080x1080.jpg 1080w, https:\/\/www.as-performance-gmbh.de\/wp-content\/uploads\/2021\/11\/IMG_20210921_152605_799-600x600.jpg 600w, https:\/\/www.as-performance-gmbh.de\/wp-content\/uploads\/2021\/11\/IMG_20210921_152605_799-100x100.jpg 100w, https:\/\/www.as-performance-gmbh.de\/wp-content\/uploads\/2021\/11\/IMG_20210921_152605_799.jpg 1440w\" sizes=\"auto, (max-width: 1024px) 100vw, 1024px\" \/><\/figure><\/li><li class=\"blocks-gallery-item\"><figure><img loading=\"lazy\" decoding=\"async\" width=\"1024\" height=\"867\" src=\"https:\/\/www.as-performance-gmbh.de\/wp-content\/uploads\/2021\/11\/IMG_20211005_191400_339-1024x867.webp\" alt=\"\" data-id=\"448\" data-full-url=\"https:\/\/www.as-performance-gmbh.de\/wp-content\/uploads\/2021\/11\/IMG_20211005_191400_339.webp\" data-link=\"https:\/\/www.as-performance-gmbh.de\/img_20211005_191400_339\/\" class=\"wp-image-448\" srcset=\"https:\/\/www.as-performance-gmbh.de\/wp-content\/uploads\/2021\/11\/IMG_20211005_191400_339-1024x867.webp 1024w, https:\/\/www.as-performance-gmbh.de\/wp-content\/uploads\/2021\/11\/IMG_20211005_191400_339-300x254.webp 300w, https:\/\/www.as-performance-gmbh.de\/wp-content\/uploads\/2021\/11\/IMG_20211005_191400_339-768x650.webp 768w, https:\/\/www.as-performance-gmbh.de\/wp-content\/uploads\/2021\/11\/IMG_20211005_191400_339-1232x1043.webp 1232w, https:\/\/www.as-performance-gmbh.de\/wp-content\/uploads\/2021\/11\/IMG_20211005_191400_339-600x508.webp 600w, https:\/\/www.as-performance-gmbh.de\/wp-content\/uploads\/2021\/11\/IMG_20211005_191400_339.webp 1276w\" sizes=\"auto, (max-width: 1024px) 100vw, 1024px\" \/><\/figure><\/li><li class=\"blocks-gallery-item\"><figure><img loading=\"lazy\" decoding=\"async\" width=\"1024\" height=\"823\" src=\"https:\/\/www.as-performance-gmbh.de\/wp-content\/uploads\/2021\/11\/IMG_20211005_183951_195-1024x823.webp\" alt=\"\" data-id=\"436\" data-full-url=\"https:\/\/www.as-performance-gmbh.de\/wp-content\/uploads\/2021\/11\/IMG_20211005_183951_195.webp\" data-link=\"https:\/\/www.as-performance-gmbh.de\/img_20211005_183951_195\/\" class=\"wp-image-436\" srcset=\"https:\/\/www.as-performance-gmbh.de\/wp-content\/uploads\/2021\/11\/IMG_20211005_183951_195-1024x823.webp 1024w, https:\/\/www.as-performance-gmbh.de\/wp-content\/uploads\/2021\/11\/IMG_20211005_183951_195-300x241.webp 300w, https:\/\/www.as-performance-gmbh.de\/wp-content\/uploads\/2021\/11\/IMG_20211005_183951_195-768x617.webp 768w, https:\/\/www.as-performance-gmbh.de\/wp-content\/uploads\/2021\/11\/IMG_20211005_183951_195-1232x990.webp 1232w, https:\/\/www.as-performance-gmbh.de\/wp-content\/uploads\/2021\/11\/IMG_20211005_183951_195-1344x1080.webp 1344w, https:\/\/www.as-performance-gmbh.de\/wp-content\/uploads\/2021\/11\/IMG_20211005_183951_195-600x482.webp 600w, https:\/\/www.as-performance-gmbh.de\/wp-content\/uploads\/2021\/11\/IMG_20211005_183951_195.webp 1440w\" sizes=\"auto, (max-width: 1024px) 100vw, 1024px\" \/><figcaption class=\"blocks-gallery-item__caption\">OPTI-COAT Versiegelte Alufelgen und Pian Schwarz Lackierung<\/figcaption><\/figure><\/li><li class=\"blocks-gallery-item\"><figure><img loading=\"lazy\" decoding=\"async\" width=\"1024\" height=\"833\" src=\"https:\/\/www.as-performance-gmbh.de\/wp-content\/uploads\/2021\/11\/IMG_20211018_081921_272-1024x833.jpg\" alt=\"\" data-id=\"404\" data-full-url=\"https:\/\/www.as-performance-gmbh.de\/wp-content\/uploads\/2021\/11\/IMG_20211018_081921_272.jpg\" data-link=\"https:\/\/www.as-performance-gmbh.de\/img_20211018_081921_272\/\" class=\"wp-image-404\" srcset=\"https:\/\/www.as-performance-gmbh.de\/wp-content\/uploads\/2021\/11\/IMG_20211018_081921_272-1024x833.jpg 1024w, https:\/\/www.as-performance-gmbh.de\/wp-content\/uploads\/2021\/11\/IMG_20211018_081921_272-300x244.jpg 300w, https:\/\/www.as-performance-gmbh.de\/wp-content\/uploads\/2021\/11\/IMG_20211018_081921_272-768x625.jpg 768w, https:\/\/www.as-performance-gmbh.de\/wp-content\/uploads\/2021\/11\/IMG_20211018_081921_272-1232x1002.jpg 1232w, https:\/\/www.as-performance-gmbh.de\/wp-content\/uploads\/2021\/11\/IMG_20211018_081921_272-1328x1080.jpg 1328w, https:\/\/www.as-performance-gmbh.de\/wp-content\/uploads\/2021\/11\/IMG_20211018_081921_272-600x488.jpg 600w, https:\/\/www.as-performance-gmbh.de\/wp-content\/uploads\/2021\/11\/IMG_20211018_081921_272.jpg 1440w\" sizes=\"auto, (max-width: 1024px) 100vw, 1024px\" \/><figcaption class=\"blocks-gallery-item__caption\">OPTI-COAT Versiegelte Alufelgen<\/figcaption><\/figure><\/li><\/ul><\/figure>\n<\/div><!-- \/wp:gallery--><\/div>\n<\/div><!-- \/wp:column--><\/div>\n<\/div><!-- \/wp:columns-->\n\n<!-- wp:nextend\/smartslider3 {\"slider\":\"2\"}--><div class=\"gridContainer\">\n<div class=\"wp-block-nextend-smartslider3\"><\/div>\n<\/div><!-- \/wp:nextend\/smartslider3-->","protected":false},"excerpt":{"rendered":"<p>Hier werden Felgen wieder Rund gemacht Sie kennen das sicherlich, Sie parken ein und passen einen kurzen Moment nicht auf und schon ist es passiert&#8230; Ihre Felge hat was abbekommen &#8211; rundum die Sch\u00e4den. Was machen Sie nun? Sie denken daran eine neue zu kaufen? Lassen Sie es! Nicht immer muss das sein und man&nbsp;&hellip;<\/p>\n","protected":false},"author":1,"featured_media":0,"parent":0,"menu_order":0,"comment_status":"closed","ping_status":"closed","template":"","meta":{"footnotes":""},"class_list":["post-233","page","type-page","status-publish","hentry"],"_links":{"self":[{"href":"https:\/\/www.as-performance-gmbh.de\/index.php\/wp-json\/wp\/v2\/pages\/233","targetHints":{"allow":["GET"]}}],"collection":[{"href":"https:\/\/www.as-performance-gmbh.de\/index.php\/wp-json\/wp\/v2\/pages"}],"about":[{"href":"https:\/\/www.as-performance-gmbh.de\/index.php\/wp-json\/wp\/v2\/types\/page"}],"author":[{"embeddable":true,"href":"https:\/\/www.as-performance-gmbh.de\/index.php\/wp-json\/wp\/v2\/users\/1"}],"replies":[{"embeddable":true,"href":"https:\/\/www.as-performance-gmbh.de\/index.php\/wp-json\/wp\/v2\/comments?post=233"}],"version-history":[{"count":17,"href":"https:\/\/www.as-performance-gmbh.de\/index.php\/wp-json\/wp\/v2\/pages\/233\/revisions"}],"predecessor-version":[{"id":845,"href":"https:\/\/www.as-performance-gmbh.de\/index.php\/wp-json\/wp\/v2\/pages\/233\/revisions\/845"}],"wp:attachment":[{"href":"https:\/\/www.as-performance-gmbh.de\/index.php\/wp-json\/wp\/v2\/media?parent=233"}],"curies":[{"name":"wp","href":"https:\/\/api.w.org\/{rel}","templated":true}]}}