{"id":235,"date":"2020-07-26T08:49:30","date_gmt":"2020-07-26T06:49:30","guid":{"rendered":"https:\/\/www.as-performance-gmbh.de\/?page_id=235"},"modified":"2021-11-20T19:57:47","modified_gmt":"2021-11-20T18:57:47","slug":"transport-hol-und-bringservice","status":"publish","type":"page","link":"https:\/\/www.as-performance-gmbh.de\/index.php\/transport-hol-und-bringservice\/","title":{"rendered":"Transport, Hol- und Bringservice"},"content":{"rendered":"<!-- wp:image {\"align\":\"center\",\"id\":948,\"sizeSlug\":\"large\",\"linkDestination\":\"none\"}--><div class=\"gridContainer\">\n<div class=\"wp-block-image\"><figure class=\"aligncenter size-large\"><img loading=\"lazy\" decoding=\"async\" width=\"1024\" height=\"576\" src=\"https:\/\/www.as-performance-gmbh.de\/wp-content\/uploads\/2021\/11\/IMG_20210717_221656-2-1024x576.jpg\" alt=\"\" class=\"wp-image-948\" srcset=\"https:\/\/www.as-performance-gmbh.de\/wp-content\/uploads\/2021\/11\/IMG_20210717_221656-2-1024x576.jpg 1024w, https:\/\/www.as-performance-gmbh.de\/wp-content\/uploads\/2021\/11\/IMG_20210717_221656-2-300x169.jpg 300w, https:\/\/www.as-performance-gmbh.de\/wp-content\/uploads\/2021\/11\/IMG_20210717_221656-2-768x432.jpg 768w, https:\/\/www.as-performance-gmbh.de\/wp-content\/uploads\/2021\/11\/IMG_20210717_221656-2-1536x864.jpg 1536w, https:\/\/www.as-performance-gmbh.de\/wp-content\/uploads\/2021\/11\/IMG_20210717_221656-2-2048x1152.jpg 2048w, https:\/\/www.as-performance-gmbh.de\/wp-content\/uploads\/2021\/11\/IMG_20210717_221656-2-1232x693.jpg 1232w, https:\/\/www.as-performance-gmbh.de\/wp-content\/uploads\/2021\/11\/IMG_20210717_221656-2-1920x1080.jpg 1920w, https:\/\/www.as-performance-gmbh.de\/wp-content\/uploads\/2021\/11\/IMG_20210717_221656-2-600x338.jpg 600w\" sizes=\"auto, (max-width: 1024px) 100vw, 1024px\" \/><\/figure><\/div>\n<\/div><!-- \/wp:image-->\n\n<!-- wp:paragraph {\"textColor\":\"cyan-bluish-gray\",\"fontSize\":\"medium\"}--><div class=\"gridContainer\">\n<p class=\"has-cyan-bluish-gray-color has-text-color has-medium-font-size\"><strong><em>Vertrauen Sie auf unsere Expertise f\u00fcr seltene Automobile im Luxusbereich. Unser gr\u00f6\u00dfter Antrieb ist die Leidenschaft f\u00fcr sch\u00f6ne Autos und die Motivation, einen jederzeit exzellenten Service zu leisten. Nach\u00a0jahrelanger Erfahrung\u00a0im Logistikwesen konzentrieren wir uns heute auf den Transport von Luxus- und Spezialwagen und au\u00dfergew\u00f6hnliche Automodelle.<\/em><\/strong><\/p>\n<\/div><!-- \/wp:paragraph-->\n\n<!-- wp:paragraph {\"textColor\":\"cyan-bluish-gray\"}--><div class=\"gridContainer\">\n<p class=\"has-cyan-bluish-gray-color has-text-color\"><strong><em>Weitere Informationen zu Preisen und Details unter der Rubrik TRANSPORT entnehmen<\/em><\/strong><\/p>\n<\/div><!-- \/wp:paragraph-->","protected":false},"excerpt":{"rendered":"<p>Vertrauen Sie auf unsere Expertise f\u00fcr seltene Automobile im Luxusbereich. Unser gr\u00f6\u00dfter Antrieb ist die Leidenschaft f\u00fcr sch\u00f6ne Autos und die Motivation, einen jederzeit exzellenten Service zu leisten. Nach\u00a0jahrelanger Erfahrung\u00a0im Logistikwesen konzentrieren wir uns heute auf den Transport von Luxus- und Spezialwagen und au\u00dfergew\u00f6hnliche Automodelle. Weitere Informationen zu Preisen und Details unter der Rubrik TRANSPORT&nbsp;&hellip;<\/p>\n","protected":false},"author":1,"featured_media":0,"parent":0,"menu_order":0,"comment_status":"closed","ping_status":"closed","template":"","meta":{"footnotes":""},"class_list":["post-235","page","type-page","status-publish","hentry"],"_links":{"self":[{"href":"https:\/\/www.as-performance-gmbh.de\/index.php\/wp-json\/wp\/v2\/pages\/235","targetHints":{"allow":["GET"]}}],"collection":[{"href":"https:\/\/www.as-performance-gmbh.de\/index.php\/wp-json\/wp\/v2\/pages"}],"about":[{"href":"https:\/\/www.as-performance-gmbh.de\/index.php\/wp-json\/wp\/v2\/types\/page"}],"author":[{"embeddable":true,"href":"https:\/\/www.as-performance-gmbh.de\/index.php\/wp-json\/wp\/v2\/users\/1"}],"replies":[{"embeddable":true,"href":"https:\/\/www.as-performance-gmbh.de\/index.php\/wp-json\/wp\/v2\/comments?post=235"}],"version-history":[{"count":5,"href":"https:\/\/www.as-performance-gmbh.de\/index.php\/wp-json\/wp\/v2\/pages\/235\/revisions"}],"predecessor-version":[{"id":949,"href":"https:\/\/www.as-performance-gmbh.de\/index.php\/wp-json\/wp\/v2\/pages\/235\/revisions\/949"}],"wp:attachment":[{"href":"https:\/\/www.as-performance-gmbh.de\/index.php\/wp-json\/wp\/v2\/media?parent=235"}],"curies":[{"name":"wp","href":"https:\/\/api.w.org\/{rel}","templated":true}]}}