{"id":324,"date":"2020-10-13T09:04:05","date_gmt":"2020-10-13T07:04:05","guid":{"rendered":"https:\/\/www.as-performance-gmbh.de\/?page_id=324"},"modified":"2021-11-20T19:40:00","modified_gmt":"2021-11-20T18:40:00","slug":"transport","status":"publish","type":"page","link":"https:\/\/www.as-performance-gmbh.de\/index.php\/transport\/","title":{"rendered":"Transport"},"content":{"rendered":"<!-- wp:image {\"id\":944,\"sizeSlug\":\"large\",\"linkDestination\":\"none\"}--><div class=\"gridContainer\">\n<figure class=\"wp-block-image size-large\"><img loading=\"lazy\" decoding=\"async\" width=\"1024\" height=\"576\" src=\"https:\/\/www.as-performance-gmbh.de\/wp-content\/uploads\/2021\/11\/IMG_20210717_221656-1-1024x576.jpg\" alt=\"\" class=\"wp-image-944\" srcset=\"https:\/\/www.as-performance-gmbh.de\/wp-content\/uploads\/2021\/11\/IMG_20210717_221656-1-1024x576.jpg 1024w, https:\/\/www.as-performance-gmbh.de\/wp-content\/uploads\/2021\/11\/IMG_20210717_221656-1-300x169.jpg 300w, https:\/\/www.as-performance-gmbh.de\/wp-content\/uploads\/2021\/11\/IMG_20210717_221656-1-768x432.jpg 768w, https:\/\/www.as-performance-gmbh.de\/wp-content\/uploads\/2021\/11\/IMG_20210717_221656-1-1536x864.jpg 1536w, https:\/\/www.as-performance-gmbh.de\/wp-content\/uploads\/2021\/11\/IMG_20210717_221656-1-2048x1152.jpg 2048w, https:\/\/www.as-performance-gmbh.de\/wp-content\/uploads\/2021\/11\/IMG_20210717_221656-1-1232x693.jpg 1232w, https:\/\/www.as-performance-gmbh.de\/wp-content\/uploads\/2021\/11\/IMG_20210717_221656-1-1920x1080.jpg 1920w, https:\/\/www.as-performance-gmbh.de\/wp-content\/uploads\/2021\/11\/IMG_20210717_221656-1-600x338.jpg 600w\" sizes=\"auto, (max-width: 1024px) 100vw, 1024px\" \/><\/figure>\n<\/div><!-- \/wp:image-->\n\n<!-- wp:paragraph {\"textColor\":\"cyan-bluish-gray\",\"fontSize\":\"medium\"}--><div class=\"gridContainer\">\n<p class=\"has-cyan-bluish-gray-color has-text-color has-medium-font-size\"><strong><em>Als Spezialist f\u00fcr geschlossenen Autotransport haben wir es uns zur Aufgabe gemacht, den perfekten geschlossenen Einzeltransport f\u00fcr Ihr Fahrzeug zu realisieren.<br><\/em><\/strong><br><strong><em>Unsere Zugmaschine und Anh\u00e4nger sind ausgelegt f\u00fcr sicheren und unscheinbaren, geschlossenen Autotransport.<\/em><\/strong><\/p>\n<\/div><!-- \/wp:paragraph-->\n\n<!-- wp:heading {\"level\":4,\"fontSize\":\"large\"}--><div class=\"gridContainer\">\n<h4 class=\"has-large-font-size\"><span style=\"color:#fff281\" class=\"has-inline-color\">Oldtimer<\/span><\/h4>\n<\/div><!-- \/wp:heading-->\n\n<!-- wp:paragraph {\"textColor\":\"cyan-bluish-gray\",\"fontSize\":\"medium\"}--><div class=\"gridContainer\">\n<p class=\"has-cyan-bluish-gray-color has-text-color has-medium-font-size\"><strong><em>Wir transportieren Ihr Fahrzeug geschlossen &#8211; dadurch ungesehen und gesch\u00fctzt &#8211; bis ans Ziel. Sicher und individuell &#8211; denn wir wissen worauf es bei Oldtimern ankommt. Verlassen Sie sich drauf.<\/em><\/strong><\/p>\n<\/div><!-- \/wp:paragraph-->\n\n<!-- wp:heading {\"level\":4,\"fontSize\":\"large\"}--><div class=\"gridContainer\">\n<h4 class=\"has-large-font-size\"><span style=\"color:#fff281\" class=\"has-inline-color\">Sportwagen<\/span><\/h4>\n<\/div><!-- \/wp:heading-->\n\n<!-- wp:paragraph {\"textColor\":\"cyan-bluish-gray\",\"fontSize\":\"medium\"}--><div class=\"gridContainer\">\n<p class=\"has-cyan-bluish-gray-color has-text-color has-medium-font-size\"><strong><em>Tiefer, h\u00e4rter, breiter ist genau unser Ding. Mit neigungsverstellbarem Anh\u00e4nger und verl\u00e4ngerbarer Auffahrrampe transportieren wir auch die schwierigsten F\u00e4lle. Nat\u00fcrlich unsichtbar f\u00fcr die Blicke Dritter.<\/em><\/strong><\/p>\n<\/div><!-- \/wp:paragraph-->\n\n<!-- wp:heading {\"level\":4,\"fontSize\":\"large\"}--><div class=\"gridContainer\">\n<h4 class=\"has-large-font-size\"><span style=\"color:#fff281\" class=\"has-inline-color\">Prototypen<\/span><\/h4>\n<\/div><!-- \/wp:heading-->\n\n<!-- wp:paragraph {\"textColor\":\"cyan-bluish-gray\",\"fontSize\":\"medium\"}--><div class=\"gridContainer\">\n<p class=\"has-cyan-bluish-gray-color has-text-color has-medium-font-size\"><strong><em>Egal ob Versuchsfahrzeug oder Prototyp, Spezialanfertigung oder Liebhaberfahrzeug. F\u00fcr uns ist jeder Transport ein Einzelst\u00fcck und das behandeln wir auch so. Wir wissen worauf es ankommt.<\/em><\/strong><\/p>\n<\/div><!-- \/wp:paragraph-->\n\n<!-- wp:heading {\"level\":4,\"fontSize\":\"large\"}--><div class=\"gridContainer\">\n<h4 class=\"has-large-font-size\"><span style=\"color:#fff281\" class=\"has-inline-color\">\u00dcberf\u00fchrung<\/span><\/h4>\n<\/div><!-- \/wp:heading-->\n\n<!-- wp:paragraph {\"textColor\":\"cyan-bluish-gray\",\"fontSize\":\"medium\"}--><div class=\"gridContainer\">\n<p class=\"has-cyan-bluish-gray-color has-text-color has-medium-font-size\"><strong><em>Der Urlaub naht und die Koffer sind gepackt. Jetzt fehlt nur noch das richtige Auto. Wie w\u00e4re es mit dem eigenen?<br>Wir bringen es Ihnen einfach, schnell und unkompliziert. Nach dem Urlaub holen wir es auch gerne wieder ab.<\/em><\/strong><\/p>\n<\/div><!-- \/wp:paragraph-->\n\n<!-- wp:heading {\"level\":4,\"fontSize\":\"large\"}--><div class=\"gridContainer\">\n<h4 class=\"has-large-font-size\"><span style=\"color:#fff281\" class=\"has-inline-color\">Unterstellung<\/span><\/h4>\n<\/div><!-- \/wp:heading-->\n\n<!-- wp:paragraph {\"textColor\":\"cyan-bluish-gray\",\"fontSize\":\"medium\"}--><div class=\"gridContainer\">\n<p class=\"has-cyan-bluish-gray-color has-text-color has-medium-font-size\"><strong><em>Nutzen Sie die M\u00f6glichkeit, Ihr Fahrzeug exklusiv in unseren Hallen \u00fcberwintern zu lassen. Wir sorgen f\u00fcr eine ungest\u00f6rte Winterruhe und einen unkomplizierten Start ins n\u00e4chste Fr\u00fchjahr.<\/em><\/strong><\/p>\n<\/div><!-- \/wp:paragraph-->\n\n<!-- wp:heading {\"level\":4,\"fontSize\":\"large\"}--><div class=\"gridContainer\">\n<h4 class=\"has-large-font-size\"><span style=\"color:#fff281\" class=\"has-inline-color\">Unser Motto? Hochwertigkeit<\/span><\/h4>\n<\/div><!-- \/wp:heading-->\n\n<!-- wp:paragraph {\"textColor\":\"cyan-bluish-gray\",\"fontSize\":\"medium\"}--><div class=\"gridContainer\">\n<p class=\"has-cyan-bluish-gray-color has-text-color has-medium-font-size\"><strong><em>Bei allem was wir tun, legen wir enormen Wert auf den Einsatz hochwertiger Produkte und L\u00f6sungen.<\/em><\/strong><\/p>\n<\/div><!-- \/wp:paragraph-->\n\n<!-- wp:html--><div class=\"gridContainer\">\n<h4 style=\"color:#fff281\">Leistungen:<\/h4>\n<ul><li>Abhol- und Bringservice<\/li><li>Transport Ihres Fahrzeuges egal wohin Sie es bringen m\u00f6chten<\/li><li>geeignet f\u00fcr tiefergelegte Fahrzeuge<\/li><li>Transport versichert bis vor die Haust\u00fcre<\/li><li>Zuverl\u00e4ssigkeit und Vertrauen<\/li><li>Geschlossener Transport<\/li><\/ul>\n<\/div><!-- \/wp:html-->\n\n<!-- wp:paragraph {\"textColor\":\"cyan-bluish-gray\",\"fontSize\":\"medium\"}--><div class=\"gridContainer\">\n<p class=\"has-cyan-bluish-gray-color has-text-color has-medium-font-size\"><strong><em>Gerne \u00fcbernehmen wir f\u00fcr Sie die \u00dcberf\u00fchrung Ihres Fahrzeuges. Kontaktieren Sie uns f\u00fcr eine pers\u00f6nliche Beratung und ein individuelles Angebot<\/em><\/strong>.<\/p>\n<\/div><!-- \/wp:paragraph-->","protected":false},"excerpt":{"rendered":"<p>Als Spezialist f\u00fcr geschlossenen Autotransport haben wir es uns zur Aufgabe gemacht, den perfekten geschlossenen Einzeltransport f\u00fcr Ihr Fahrzeug zu realisieren.Unsere Zugmaschine und Anh\u00e4nger sind ausgelegt f\u00fcr sicheren und unscheinbaren, geschlossenen Autotransport. Oldtimer Wir transportieren Ihr Fahrzeug geschlossen &#8211; dadurch ungesehen und gesch\u00fctzt &#8211; bis ans Ziel. Sicher und individuell &#8211; denn wir wissen worauf&nbsp;&hellip;<\/p>\n","protected":false},"author":1,"featured_media":0,"parent":0,"menu_order":0,"comment_status":"closed","ping_status":"closed","template":"","meta":{"footnotes":""},"class_list":["post-324","page","type-page","status-publish","hentry"],"_links":{"self":[{"href":"https:\/\/www.as-performance-gmbh.de\/index.php\/wp-json\/wp\/v2\/pages\/324","targetHints":{"allow":["GET"]}}],"collection":[{"href":"https:\/\/www.as-performance-gmbh.de\/index.php\/wp-json\/wp\/v2\/pages"}],"about":[{"href":"https:\/\/www.as-performance-gmbh.de\/index.php\/wp-json\/wp\/v2\/types\/page"}],"author":[{"embeddable":true,"href":"https:\/\/www.as-performance-gmbh.de\/index.php\/wp-json\/wp\/v2\/users\/1"}],"replies":[{"embeddable":true,"href":"https:\/\/www.as-performance-gmbh.de\/index.php\/wp-json\/wp\/v2\/comments?post=324"}],"version-history":[{"count":9,"href":"https:\/\/www.as-performance-gmbh.de\/index.php\/wp-json\/wp\/v2\/pages\/324\/revisions"}],"predecessor-version":[{"id":946,"href":"https:\/\/www.as-performance-gmbh.de\/index.php\/wp-json\/wp\/v2\/pages\/324\/revisions\/946"}],"wp:attachment":[{"href":"https:\/\/www.as-performance-gmbh.de\/index.php\/wp-json\/wp\/v2\/media?parent=324"}],"curies":[{"name":"wp","href":"https:\/\/api.w.org\/{rel}","templated":true}]}}