{"id":57,"date":"2020-06-04T08:10:27","date_gmt":"2020-06-04T06:10:27","guid":{"rendered":"http:\/\/localhost\/as-performance\/?page_id=57"},"modified":"2024-06-12T18:07:18","modified_gmt":"2024-06-12T16:07:18","slug":"unternehmen","status":"publish","type":"page","link":"https:\/\/www.as-performance-gmbh.de\/index.php\/unternehmen\/","title":{"rendered":"Unternehmen"},"content":{"rendered":"<!-- wp:group {\"layout\":{\"type\":\"constrained\"}}--><div class=\"gridContainer\">\n<div class=\"wp-block-group\"><!-- wp:image {\"id\":1069,\"width\":\"347px\",\"height\":\"auto\",\"sizeSlug\":\"full\",\"linkDestination\":\"none\"}--><div class=\"gridContainer\">\n<figure class=\"wp-block-image size-full is-resized\"><img loading=\"lazy\" decoding=\"async\" width=\"950\" height=\"960\" src=\"https:\/\/www.as-performance-gmbh.de\/wp-content\/uploads\/2024\/06\/394535293_6783170038415503_488553216039122559_n-1.jpg\" alt=\"\" class=\"wp-image-1069\" style=\"width:347px;height:auto\" srcset=\"https:\/\/www.as-performance-gmbh.de\/wp-content\/uploads\/2024\/06\/394535293_6783170038415503_488553216039122559_n-1.jpg 950w, https:\/\/www.as-performance-gmbh.de\/wp-content\/uploads\/2024\/06\/394535293_6783170038415503_488553216039122559_n-1-297x300.jpg 297w, https:\/\/www.as-performance-gmbh.de\/wp-content\/uploads\/2024\/06\/394535293_6783170038415503_488553216039122559_n-1-768x776.jpg 768w, https:\/\/www.as-performance-gmbh.de\/wp-content\/uploads\/2024\/06\/394535293_6783170038415503_488553216039122559_n-1-600x606.jpg 600w, https:\/\/www.as-performance-gmbh.de\/wp-content\/uploads\/2024\/06\/394535293_6783170038415503_488553216039122559_n-1-100x100.jpg 100w\" sizes=\"auto, (max-width: 950px) 100vw, 950px\" \/><figcaption class=\"wp-element-caption\"><strong><em>Der Gesch\u00e4ftsf\u00fchrer Herr Andreas Schundiak verf\u00fcgt \u00fcber eine mehr als zehnj\u00e4hrige Erfahrung als professioneller Fahrzeug-Detailer. Zudem hat er mehrere Zertifikate als autorisierter Installateur der Opticoat-Versiegelung absolviert und in Deutschland als Dritte Person \u00fcberhaupt die Lizenzierung von Opticoat erhalten<\/em><\/strong> <\/figcaption><\/figure>\n<\/div><!-- \/wp:image--><\/div>\n<\/div><!-- \/wp:group-->\n\n<!-- wp:paragraph {\"textColor\":\"cyan-bluish-gray\",\"fontSize\":\"medium\"}--><div class=\"gridContainer\">\n<p class=\"has-cyan-bluish-gray-color has-text-color has-medium-font-size\"><strong><em>Das Unternehmen AS Performance GmbH steht f\u00fcr professionelle Fahrzeugaufbereitung (\u201eDetailing\u201c) und Voll-Folierungen von hochwertigen Fahrzeugen, als auch von Standard Fahrzeugen, Boote, Flugzeugen, sowie der Transport von Fahrzeugen.<\/em><\/strong> <strong><em>Das Unternehmen verf\u00fcgt \u00fcber eine mehr als zehnj\u00e4hrige Erfahrung. Der Baustein dessen ist aus der Passion zu sch\u00f6nen Autos heraus entstanden. Qualit\u00e4t und Service mit dem Fokus absoluter Kundenzufriedenheit stehen dabei an erster Stelle. WILLKOMMEN BEI AS PERFORMANCE<\/em><\/strong><\/p>\n<\/div><!-- \/wp:paragraph-->\n\n<!-- wp:paragraph {\"textColor\":\"cyan-bluish-gray\",\"fontSize\":\"medium\"}--><div class=\"gridContainer\">\n<p class=\"has-cyan-bluish-gray-color has-text-color has-medium-font-size\"><em><strong>Erf\u00fcllen<\/strong><\/em><strong><em> Sie sich Ihre automobilen Tr\u00e4ume und setzen SIe auf die Expertise und Erfahrungen von AS Performance in Design, Qualit\u00e4t, Performance und Lifestyle. Hier finden Sie alle Informationen \u00fcber Pflegeprodukte, Felgenstyling und Instandsetzung, Permanente Versiegelungen sowohl als auch diverse Versiegelungen f\u00fcr Lack und Innenraum, Tuning Teile, Preise und- Tag f\u00fcr Tag Enthusiasmus vom Feinsten.<\/em><\/strong><\/p>\n<\/div><!-- \/wp:paragraph-->\n\n<!-- wp:paragraph {\"textColor\":\"cyan-bluish-gray\",\"fontSize\":\"medium\"}--><div class=\"gridContainer\">\n<p class=\"has-cyan-bluish-gray-color has-text-color has-medium-font-size\"><strong><em>Wir<\/em><\/strong> <strong><em> von AS Performance GmbH, sind Deutschlandweit als 2. Unternehmen, autorisiert die Einzigartige und permanente Keramikversiegelung sowohl f\u00fcr Autos, Boote, Nutzfahrzeuge, Flugzeuge, usw. auftragen zu d\u00fcrfen! Das verdanken wir der mehr als 10 J\u00e4hrigen Erfahrung, im Bereich Lackkorrektur, Felgeninstandsetzung, Tuning, Restaurationen, Transport von Fahrzeugen. Folierungen im vollen oder Patenzellen Umfang. Diese T\u00e4tigkeiten \u00fcben wir Tag f\u00fcr Tag mit Leidenschaft aus, denn bei uns hei\u00dft es: JEDEN TAG ENTHUSIASMUS VOM FEINSTEN!<\/em><\/strong><\/p>\n<\/div><!-- \/wp:paragraph-->\n\n<!-- wp:paragraph--><div class=\"gridContainer\">\n<p><\/p>\n<\/div><!-- \/wp:paragraph-->\n\n<!-- wp:paragraph {\"textColor\":\"cyan-bluish-gray\",\"fontSize\":\"medium\"}--><div class=\"gridContainer\">\n<p class=\"has-cyan-bluish-gray-color has-text-color has-medium-font-size\"><strong><em>LASS DICH INSPIERIEREN UND HOLE DIR DEIN INDIVIDUELLES ANGEBOT!!!<\/em><\/strong><\/p>\n<\/div><!-- \/wp:paragraph-->\n\n<!-- wp:image {\"id\":1073,\"sizeSlug\":\"large\",\"linkDestination\":\"none\"}--><div class=\"gridContainer\">\n<figure class=\"wp-block-image size-large\"><img loading=\"lazy\" decoding=\"async\" width=\"1024\" height=\"782\" src=\"https:\/\/www.as-performance-gmbh.de\/wp-content\/uploads\/2024\/06\/441951549_977126291084369_5876531794579606075_n-1024x782.jpg\" alt=\"\" class=\"wp-image-1073\" srcset=\"https:\/\/www.as-performance-gmbh.de\/wp-content\/uploads\/2024\/06\/441951549_977126291084369_5876531794579606075_n-1024x782.jpg 1024w, https:\/\/www.as-performance-gmbh.de\/wp-content\/uploads\/2024\/06\/441951549_977126291084369_5876531794579606075_n-300x229.jpg 300w, https:\/\/www.as-performance-gmbh.de\/wp-content\/uploads\/2024\/06\/441951549_977126291084369_5876531794579606075_n-768x587.jpg 768w, https:\/\/www.as-performance-gmbh.de\/wp-content\/uploads\/2024\/06\/441951549_977126291084369_5876531794579606075_n-1232x941.jpg 1232w, https:\/\/www.as-performance-gmbh.de\/wp-content\/uploads\/2024\/06\/441951549_977126291084369_5876531794579606075_n-1414x1080.jpg 1414w, https:\/\/www.as-performance-gmbh.de\/wp-content\/uploads\/2024\/06\/441951549_977126291084369_5876531794579606075_n-600x458.jpg 600w, https:\/\/www.as-performance-gmbh.de\/wp-content\/uploads\/2024\/06\/441951549_977126291084369_5876531794579606075_n.jpg 1440w\" sizes=\"auto, (max-width: 1024px) 100vw, 1024px\" \/><\/figure>\n<\/div><!-- \/wp:image-->","protected":false},"excerpt":{"rendered":"<p>Das Unternehmen AS Performance GmbH steht f\u00fcr professionelle Fahrzeugaufbereitung (\u201eDetailing\u201c) und Voll-Folierungen von hochwertigen Fahrzeugen, als auch von Standard Fahrzeugen, Boote, Flugzeugen, sowie der Transport von Fahrzeugen. Das Unternehmen verf\u00fcgt \u00fcber eine mehr als zehnj\u00e4hrige Erfahrung. Der Baustein dessen ist aus der Passion zu sch\u00f6nen Autos heraus entstanden. Qualit\u00e4t und Service mit dem Fokus absoluter&nbsp;&hellip;<\/p>\n","protected":false},"author":1,"featured_media":0,"parent":0,"menu_order":0,"comment_status":"closed","ping_status":"closed","template":"","meta":{"footnotes":""},"class_list":["post-57","page","type-page","status-publish","hentry"],"_links":{"self":[{"href":"https:\/\/www.as-performance-gmbh.de\/index.php\/wp-json\/wp\/v2\/pages\/57","targetHints":{"allow":["GET"]}}],"collection":[{"href":"https:\/\/www.as-performance-gmbh.de\/index.php\/wp-json\/wp\/v2\/pages"}],"about":[{"href":"https:\/\/www.as-performance-gmbh.de\/index.php\/wp-json\/wp\/v2\/types\/page"}],"author":[{"embeddable":true,"href":"https:\/\/www.as-performance-gmbh.de\/index.php\/wp-json\/wp\/v2\/users\/1"}],"replies":[{"embeddable":true,"href":"https:\/\/www.as-performance-gmbh.de\/index.php\/wp-json\/wp\/v2\/comments?post=57"}],"version-history":[{"count":17,"href":"https:\/\/www.as-performance-gmbh.de\/index.php\/wp-json\/wp\/v2\/pages\/57\/revisions"}],"predecessor-version":[{"id":1075,"href":"https:\/\/www.as-performance-gmbh.de\/index.php\/wp-json\/wp\/v2\/pages\/57\/revisions\/1075"}],"wp:attachment":[{"href":"https:\/\/www.as-performance-gmbh.de\/index.php\/wp-json\/wp\/v2\/media?parent=57"}],"curies":[{"name":"wp","href":"https:\/\/api.w.org\/{rel}","templated":true}]}}